{"id":186,"date":"2022-07-10T20:42:35","date_gmt":"2022-07-10T18:42:35","guid":{"rendered":"https:\/\/location-chambre-vaucluse.fr\/?page_id=186"},"modified":"2023-01-16T11:49:47","modified_gmt":"2023-01-16T10:49:47","slug":"les-prestations","status":"publish","type":"page","link":"https:\/\/location-chambre-vaucluse.fr\/?page_id=186","title":{"rendered":"Les prestations"},"content":{"rendered":"<p>[et_pb_section fb_built=\u00a0\u00bb1&Prime; _builder_version=\u00a0\u00bb3.24&Prime; custom_padding=\u00a0\u00bb|||||\u00a0\u00bb][et_pb_row custom_padding=\u00a0\u00bb0px||0px|||\u00a0\u00bb _builder_version=\u00a0\u00bb3.24&Prime;][et_pb_column type=\u00a0\u00bb1_3&Prime; _builder_version=\u00a0\u00bb3.24&Prime;][et_pb_image src=\u00a0\u00bbhttps:\/\/location-chambre-vaucluse.fr\/wp-content\/uploads\/2022\/07\/293015012_769439254482480_3150694059953238088_n-scaled.jpg\u00a0\u00bb align=\u00a0\u00bbcenter\u00a0\u00bb disabled_on=\u00a0\u00bboff|off|on\u00a0\u00bb _builder_version=\u00a0\u00bb3.24&Prime; border_radii=\u00a0\u00bbon|10px|10px|10px|10px\u00a0\u00bb][\/et_pb_image][et_pb_text _builder_version=\u00a0\u00bb3.24&Prime; header_font=\u00a0\u00bb||||||||\u00a0\u00bb header_2_font=\u00a0\u00bbAdamina|||on|||||\u00a0\u00bb header_2_text_align=\u00a0\u00bbright\u00a0\u00bb header_2_text_color=\u00a0\u00bb#a04614&Prime; border_color_all=\u00a0\u00bb#e09900&Prime; border_width_bottom=\u00a0\u00bb1px\u00a0\u00bb border_color_bottom=\u00a0\u00bb#a04614&Prime; header_2_text_align_phone=\u00a0\u00bbleft\u00a0\u00bb header_2_text_align_last_edited=\u00a0\u00bbon|desktop\u00a0\u00bb inline_fonts=\u00a0\u00bbTimes New Roman\u00a0\u00bb]<\/p>\n<h2>Le Snacking<\/h2>\n<p>[\/et_pb_text][et_pb_text _builder_version=\u00a0\u00bb3.24&Prime; text_font=\u00a0\u00bb||||||||\u00a0\u00bb text_text_align=\u00a0\u00bbright\u00a0\u00bb text_text_align_phone=\u00a0\u00bbleft\u00a0\u00bb text_text_align_last_edited=\u00a0\u00bbon|desktop\u00a0\u00bb inline_fonts=\u00a0\u00bbTimes New Roman\u00a0\u00bb]<\/p>\n<p><strong>Boissons froides<\/strong><br \/> (Coca-Cola, Limonade, Jus de Fruits)<\/p>\n<p><strong>Boissons chaudes<\/strong><br \/> (Caf\u00e9 et th\u00e9)<\/p>\n<p><strong>En-cas<\/strong><br \/> (Barre chocolat\u00e9e paquet de chips)<\/p>\n<p><span style=\"font-size: x-small;\">*Service en suppl\u00e9ment<\/span><\/p>\n<p>[\/et_pb_text][\/et_pb_column][et_pb_column type=\u00a0\u00bb2_3&Prime; _builder_version=\u00a0\u00bb3.24&Prime;][et_pb_image src=\u00a0\u00bbhttps:\/\/location-chambre-vaucluse.fr\/wp-content\/uploads\/2022\/07\/293015012_769439254482480_3150694059953238088_n-scaled.jpg\u00a0\u00bb align=\u00a0\u00bbcenter\u00a0\u00bb disabled_on=\u00a0\u00bbon|on|off\u00a0\u00bb _builder_version=\u00a0\u00bb3.24&Prime; border_radii=\u00a0\u00bbon|10px|10px|10px|10px\u00a0\u00bb][\/et_pb_image][\/et_pb_column][\/et_pb_row][\/et_pb_section][et_pb_section fb_built=\u00a0\u00bb1&Prime; _builder_version=\u00a0\u00bb3.24&Prime; background_color=\u00a0\u00bbrgba(0,0,0,0.05)\u00a0\u00bb][et_pb_row custom_padding=\u00a0\u00bb0px||0px|||\u00a0\u00bb _builder_version=\u00a0\u00bb3.24&Prime;][et_pb_column type=\u00a0\u00bb2_3&Prime; _builder_version=\u00a0\u00bb3.24&Prime;][et_pb_image src=\u00a0\u00bbhttps:\/\/location-chambre-vaucluse.fr\/wp-content\/uploads\/2022\/07\/260126443_3086897178239021_1031937015721963620_n-scaled.jpg\u00a0\u00bb align=\u00a0\u00bbcenter\u00a0\u00bb _builder_version=\u00a0\u00bb3.24&Prime; border_radii=\u00a0\u00bbon|10px|10px|10px|10px\u00a0\u00bb][\/et_pb_image][\/et_pb_column][et_pb_column type=\u00a0\u00bb1_3&Prime; _builder_version=\u00a0\u00bb3.24&Prime;][et_pb_text _builder_version=\u00a0\u00bb3.24&Prime; header_font=\u00a0\u00bb||||||||\u00a0\u00bb header_2_font=\u00a0\u00bbAdamina|||on|||||\u00a0\u00bb header_2_text_color=\u00a0\u00bb#a04614&Prime; border_color_all=\u00a0\u00bb#e09900&Prime; border_width_bottom=\u00a0\u00bb1px\u00a0\u00bb border_color_bottom=\u00a0\u00bb#a04614&Prime; inline_fonts=\u00a0\u00bbTimes New Roman\u00a0\u00bb]<\/p>\n<h2 style=\"text-align: left;\">Le Petit D\u00e9jeuner*<\/h2>\n<p>[\/et_pb_text][et_pb_text _builder_version=\u00a0\u00bb3.24&Prime; inline_fonts=\u00a0\u00bbTimes New Roman\u00a0\u00bb]<\/p>\n<p><strong>Petit d\u00e9jeuner simple :<\/strong><br \/>Une boisson chaude (th\u00e9, caf\u00e9 ou chocolat)<br \/>Un jus de fruit (orange ou pomme)<br \/>Une viennoiserie (croissant ou pain de chocolat)<\/p>\n<p><strong>Petit d\u00e9jeuner continental :<\/strong><br \/>Une boisson chaude (th\u00e9, caf\u00e9 ou chocolat)<br \/>Un jus de fruit (orange ou pomme)<br \/>Une viennoiserie (croissant ou pain de chocolat)<br \/>Pain Frais<br \/>Yaourt fait maison<br \/>Confiture<br \/>Miel<br \/>Salade de fruit frais<\/p>\n<p><span style=\"font-size: x-small;\"><span size=\"1\" style=\"font-size: xx-small;\">*En suppl\u00e9ment (\u00e0 r\u00e9server\u00a0en m\u00eame temps que la chambre)<\/span><\/span><\/p>\n<p>[\/et_pb_text][et_pb_button button_url=\u00a0\u00bbhttps:\/\/lannexe-1.sumupstore.com\u00a0\u00bb button_text=\u00a0\u00bbreservation\u00a0\u00bb button_alignment=\u00a0\u00bbleft\u00a0\u00bb _builder_version=\u00a0\u00bb3.24&Prime; custom_button=\u00a0\u00bbon\u00a0\u00bb button_text_size=\u00a0\u00bb17px\u00a0\u00bb button_text_color=\u00a0\u00bb#ffffff\u00a0\u00bb button_bg_color=\u00a0\u00bb#a04614&Prime; button_border_color=\u00a0\u00bbrgba(0,0,0,0)\u00a0\u00bb button_border_radius=\u00a0\u00bb10px\u00a0\u00bb button_font=\u00a0\u00bb|||on|||||\u00a0\u00bb button_icon_color=\u00a0\u00bb#ffffff\u00a0\u00bb custom_margin=\u00a0\u00bb|||\u00a0\u00bb custom_padding=\u00a0\u00bb|30px||30px||true\u00a0\u00bb locked=\u00a0\u00bboff\u00a0\u00bb][\/et_pb_button][\/et_pb_column][\/et_pb_row][\/et_pb_section][et_pb_section fb_built=\u00a0\u00bb1&Prime; _builder_version=\u00a0\u00bb3.24&Prime;][et_pb_row custom_padding=\u00a0\u00bb0px||0px|||\u00a0\u00bb _builder_version=\u00a0\u00bb3.24&Prime;][et_pb_column type=\u00a0\u00bb1_3&Prime; _builder_version=\u00a0\u00bb3.24&Prime;][et_pb_image src=\u00a0\u00bbhttps:\/\/location-chambre-vaucluse.fr\/wp-content\/uploads\/2022\/07\/293071758_636097014028140_536083566268023416_n-scaled.jpg\u00a0\u00bb align=\u00a0\u00bbcenter\u00a0\u00bb disabled_on=\u00a0\u00bboff|off|on\u00a0\u00bb _builder_version=\u00a0\u00bb3.24&Prime; border_radii=\u00a0\u00bbon|10px|10px|10px|10px\u00a0\u00bb][\/et_pb_image][et_pb_text _builder_version=\u00a0\u00bb3.24&Prime; header_font=\u00a0\u00bb||||||||\u00a0\u00bb header_2_font=\u00a0\u00bbAdamina|||on|||||\u00a0\u00bb header_2_text_align=\u00a0\u00bbright\u00a0\u00bb header_2_text_color=\u00a0\u00bb#a04614&Prime; border_color_all=\u00a0\u00bb#e09900&Prime; border_width_bottom=\u00a0\u00bb1px\u00a0\u00bb border_color_bottom=\u00a0\u00bb#a04614&Prime; header_2_text_align_phone=\u00a0\u00bbleft\u00a0\u00bb header_2_text_align_last_edited=\u00a0\u00bbon|desktop\u00a0\u00bb inline_fonts=\u00a0\u00bbTimes New Roman\u00a0\u00bb]<\/p>\n<h2>La Restauration*<\/h2>\n<p>[\/et_pb_text][et_pb_text _builder_version=\u00a0\u00bb3.24&Prime; text_font=\u00a0\u00bb||||||||\u00a0\u00bb text_text_align=\u00a0\u00bbright\u00a0\u00bb text_text_align_phone=\u00a0\u00bbleft\u00a0\u00bb text_text_align_last_edited=\u00a0\u00bbon|desktop\u00a0\u00bb inline_fonts=\u00a0\u00bbTimes New Roman\u00a0\u00bb]<\/p>\n<p><strong>Planche ap\u00e9ritive :<\/strong><br \/> Fromage<br \/> Charcuterie<br \/> L\u00e9gumes en fonction de l&rsquo;arrivage du march\u00e9<\/p>\n<p><strong>Planche de charcuterie<\/strong><\/p>\n<p><strong>Planche de fromage<\/strong><\/p>\n<p><strong>Planche de Charcuterie et de fromage<\/strong><\/p>\n<p><span style=\"font-size: x-small;\">*En suppl\u00e9ment (\u00e0 reserver le matin pour le soir)<\/span><\/p>\n<p>[\/et_pb_text][et_pb_button button_url=\u00a0\u00bbhttps:\/\/lannexe-1.sumupstore.com\u00a0\u00bb button_text=\u00a0\u00bbreservation\u00a0\u00bb button_alignment=\u00a0\u00bbright\u00a0\u00bb _builder_version=\u00a0\u00bb3.24&Prime; custom_button=\u00a0\u00bbon\u00a0\u00bb button_text_size=\u00a0\u00bb17px\u00a0\u00bb button_text_color=\u00a0\u00bb#ffffff\u00a0\u00bb button_bg_color=\u00a0\u00bb#a04614&Prime; button_border_color=\u00a0\u00bbrgba(0,0,0,0)\u00a0\u00bb button_border_radius=\u00a0\u00bb10px\u00a0\u00bb button_font=\u00a0\u00bb|||on|||||\u00a0\u00bb button_icon_color=\u00a0\u00bb#ffffff\u00a0\u00bb custom_margin=\u00a0\u00bb|||\u00a0\u00bb custom_padding=\u00a0\u00bb|30px||30px||true\u00a0\u00bb locked=\u00a0\u00bboff\u00a0\u00bb][\/et_pb_button][\/et_pb_column][et_pb_column type=\u00a0\u00bb2_3&Prime; _builder_version=\u00a0\u00bb3.24&Prime;][et_pb_image src=\u00a0\u00bbhttps:\/\/location-chambre-vaucluse.fr\/wp-content\/uploads\/2022\/07\/293071758_636097014028140_536083566268023416_n-scaled.jpg\u00a0\u00bb align=\u00a0\u00bbcenter\u00a0\u00bb disabled_on=\u00a0\u00bbon|on|off\u00a0\u00bb _builder_version=\u00a0\u00bb3.24&Prime; border_radii=\u00a0\u00bbon|10px|10px|10px|10px\u00a0\u00bb][\/et_pb_image][\/et_pb_column][\/et_pb_row][\/et_pb_section]<\/p>\n","protected":false},"excerpt":{"rendered":"<p>[et_pb_section fb_built=\u00a0\u00bb1&Prime; _builder_version=\u00a0\u00bb3.24&Prime; custom_padding=\u00a0\u00bb|||||\u00a0\u00bb][et_pb_row custom_padding=\u00a0\u00bb0px||0px|||\u00a0\u00bb _builder_version=\u00a0\u00bb3.24&Prime;][et_pb_column type=\u00a0\u00bb1_3&Prime; _builder_version=\u00a0\u00bb3.24&Prime;][et_pb_image src=\u00a0\u00bbhttps:\/\/location-chambre-vaucluse.fr\/wp-content\/uploads\/2022\/07\/293015012_769439254482480_3150694059953238088_n-scaled.jpg\u00a0\u00bb align=\u00a0\u00bbcenter\u00a0\u00bb disabled_on=\u00a0\u00bboff|off|on\u00a0\u00bb _builder_version=\u00a0\u00bb3.24&Prime; border_radii=\u00a0\u00bbon|10px|10px|10px|10px\u00a0\u00bb][\/et_pb_image][et_pb_text _builder_version=\u00a0\u00bb3.24&Prime; header_font=\u00a0\u00bb||||||||\u00a0\u00bb header_2_font=\u00a0\u00bbAdamina|||on|||||\u00a0\u00bb header_2_text_align=\u00a0\u00bbright\u00a0\u00bb header_2_text_color=\u00a0\u00bb#a04614&Prime; border_color_all=\u00a0\u00bb#e09900&Prime; border_width_bottom=\u00a0\u00bb1px\u00a0\u00bb border_color_bottom=\u00a0\u00bb#a04614&Prime; header_2_text_align_phone=\u00a0\u00bbleft\u00a0\u00bb header_2_text_align_last_edited=\u00a0\u00bbon|desktop\u00a0\u00bb inline_fonts=\u00a0\u00bbTimes New Roman\u00a0\u00bb] Le Snacking [\/et_pb_text][et_pb_text _builder_version=\u00a0\u00bb3.24&Prime; text_font=\u00a0\u00bb||||||||\u00a0\u00bb text_text_align=\u00a0\u00bbright\u00a0\u00bb text_text_align_phone=\u00a0\u00bbleft\u00a0\u00bb text_text_align_last_edited=\u00a0\u00bbon|desktop\u00a0\u00bb inline_fonts=\u00a0\u00bbTimes New Roman\u00a0\u00bb] Boissons froides (Coca-Cola, Limonade, Jus de Fruits) Boissons chaudes (Caf\u00e9 et th\u00e9) En-cas (Barre chocolat\u00e9e paquet de chips) [&hellip;]<\/p>\n","protected":false},"author":1,"featured_media":0,"parent":0,"menu_order":0,"comment_status":"closed","ping_status":"closed","template":"","meta":{"_et_pb_use_builder":"on","_et_pb_old_content":"","footnotes":""},"class_list":["post-186","page","type-page","status-publish","hentry"],"_links":{"self":[{"href":"https:\/\/location-chambre-vaucluse.fr\/index.php?rest_route=\/wp\/v2\/pages\/186","targetHints":{"allow":["GET"]}}],"collection":[{"href":"https:\/\/location-chambre-vaucluse.fr\/index.php?rest_route=\/wp\/v2\/pages"}],"about":[{"href":"https:\/\/location-chambre-vaucluse.fr\/index.php?rest_route=\/wp\/v2\/types\/page"}],"author":[{"embeddable":true,"href":"https:\/\/location-chambre-vaucluse.fr\/index.php?rest_route=\/wp\/v2\/users\/1"}],"replies":[{"embeddable":true,"href":"https:\/\/location-chambre-vaucluse.fr\/index.php?rest_route=%2Fwp%2Fv2%2Fcomments&post=186"}],"version-history":[{"count":21,"href":"https:\/\/location-chambre-vaucluse.fr\/index.php?rest_route=\/wp\/v2\/pages\/186\/revisions"}],"predecessor-version":[{"id":679,"href":"https:\/\/location-chambre-vaucluse.fr\/index.php?rest_route=\/wp\/v2\/pages\/186\/revisions\/679"}],"wp:attachment":[{"href":"https:\/\/location-chambre-vaucluse.fr\/index.php?rest_route=%2Fwp%2Fv2%2Fmedia&parent=186"}],"curies":[{"name":"wp","href":"https:\/\/api.w.org\/{rel}","templated":true}]}}