{"id":220,"date":"2022-07-10T23:50:41","date_gmt":"2022-07-10T21:50:41","guid":{"rendered":"https:\/\/location-chambre-vaucluse.fr\/?page_id=220"},"modified":"2023-05-25T10:01:58","modified_gmt":"2023-05-25T08:01:58","slug":"le-jardin","status":"publish","type":"page","link":"https:\/\/location-chambre-vaucluse.fr\/?page_id=220","title":{"rendered":"Le Jardin"},"content":{"rendered":"<p>[et_pb_section fb_built=\u00a0\u00bb1&Prime; fullwidth=\u00a0\u00bbon\u00a0\u00bb _builder_version=\u00a0\u00bb3.24&Prime; locked=\u00a0\u00bboff\u00a0\u00bb][et_pb_fullwidth_slider use_bg_overlay=\u00a0\u00bboff\u00a0\u00bb use_text_overlay=\u00a0\u00bboff\u00a0\u00bb _builder_version=\u00a0\u00bb3.24&Prime; custom_margin=\u00a0\u00bb||||false\u00a0\u00bb custom_padding=\u00a0\u00bb32%||32%||false|\u00a0\u00bb][et_pb_slide _builder_version=\u00a0\u00bb3.24&Prime; background_image=\u00a0\u00bbhttps:\/\/location-chambre-vaucluse.fr\/wp-content\/uploads\/2023\/05\/jardin.jpg\u00a0\u00bb][\/et_pb_slide][et_pb_slide _builder_version=\u00a0\u00bb3.24&Prime; background_image=\u00a0\u00bbhttps:\/\/location-chambre-vaucluse.fr\/wp-content\/uploads\/2022\/07\/piscine-3.jpg\u00a0\u00bb background_position=\u00a0\u00bbcenter_left\u00a0\u00bb][\/et_pb_slide][\/et_pb_fullwidth_slider][\/et_pb_section][et_pb_section fb_built=\u00a0\u00bb1&Prime; _builder_version=\u00a0\u00bb3.24&Prime; background_color=\u00a0\u00bbrgba(0,0,0,0.05)\u00a0\u00bb][et_pb_row custom_padding=\u00a0\u00bb||0px|||\u00a0\u00bb _builder_version=\u00a0\u00bb3.24&Prime; background_color=\u00a0\u00bbrgba(255,255,255,0.65)\u00a0\u00bb border_radii=\u00a0\u00bbon|10px|10px|10px|10px\u00a0\u00bb min_height=\u00a0\u00bb489px\u00a0\u00bb locked=\u00a0\u00bboff\u00a0\u00bb][et_pb_column type=\u00a0\u00bb4_4&Prime; _builder_version=\u00a0\u00bb3.24&Prime;][et_pb_text _builder_version=\u00a0\u00bb3.24&Prime; header_font=\u00a0\u00bb||||||||\u00a0\u00bb header_2_font=\u00a0\u00bbAdamina|||on|||||\u00a0\u00bb header_2_text_color=\u00a0\u00bb#a04614&Prime; border_radii=\u00a0\u00bbon|10px|10px|10px|10px\u00a0\u00bb width=\u00a0\u00bb75%\u00a0\u00bb module_alignment=\u00a0\u00bbcenter\u00a0\u00bb custom_margin=\u00a0\u00bb||96px|||\u00a0\u00bb custom_padding=\u00a0\u00bb0px|76px|0px|76px|true|true\u00a0\u00bb custom_padding_phone=\u00a0\u00bb|0px||0px\u00a0\u00bb custom_padding_last_edited=\u00a0\u00bbon|desktop\u00a0\u00bb]<\/p>\n<h2 style=\"text-align: center;\">LE Jardin<span style=\"font-size: 16px;\">\u00a0<\/span><\/h2>\n<p style=\"text-align: center;\"><span style=\"color: #000000;\"><\/span><\/p>\n<p style=\"text-align: center;\"><span>Venez vous d\u00e9tendre dans notre jardin, arbor\u00e9 et fleuri. Des roses, des impatiences, des lauriers, des bambous, des cactus, des oliviers \u2026 tout un tas de fleurs et d\u2019arbres qui participe aux bonnes ondes de ce petit coin de nature !<\/span><\/p>\n<p style=\"text-align: center;\">Enti\u00e8rement clos, avec en son centre notre piscine fa\u00e7on bassin, pour un pur moment de fra\u00eecheur (Piscine chauff\u00e9e et refroidie quand besoin est, afin de garantir une temp\u00e9rature aux alentours de 28 degr\u00e8s) .<\/p>\n<p style=\"text-align: center;\">Au fond du jardin, une belle terrasse ombrag\u00e9e quasiment toute la journ\u00e9e, ou vous pourrez boire un verre, lire un bouquin \u2026 Pour r\u00e9sumer un petit coin pour se reposer en toute simplicit\u00e9 !<\/p>\n<p style=\"text-align: center;\"><span style=\"text-decoration: underline;\"><strong>NOUVEAUT\u00c9 2023<\/strong><\/span><\/p>\n<p style=\"text-align: center;\">Le bar de l&rsquo;annexe et sa terrasse !\u00a0<\/p>\n<p style=\"text-align: center;\">C&rsquo;est l\u00e0 que vous seront servi vos petits d\u00e9jeuner ! Mais c&rsquo;est aussi l\u00e0 que vous trouverez un micro-ondes, une cafeti\u00e8res, une bouilloire &#8230; des magazines, jeux de cartes et bien d&rsquo;autres choses encore pour agr\u00e9menter votre s\u00e9jour !<\/p>\n<p style=\"text-align: center;\">\n<p>[\/et_pb_text][\/et_pb_column][\/et_pb_row][\/et_pb_section][et_pb_section fb_built=\u00a0\u00bb1&Prime; _builder_version=\u00a0\u00bb3.24&Prime; background_color=\u00a0\u00bbrgba(0,0,0,0.05)\u00a0\u00bb background_image=\u00a0\u00bbhttps:\/\/location-chambre-vaucluse.fr\/wp-content\/uploads\/2022\/07\/Picto-5-2.png\u00a0\u00bb parallax=\u00a0\u00bbon\u00a0\u00bb custom_margin=\u00a0\u00bb-122px|||||\u00a0\u00bb locked=\u00a0\u00bboff\u00a0\u00bb][et_pb_row custom_padding=\u00a0\u00bb0px|||||\u00a0\u00bb _builder_version=\u00a0\u00bb3.24&Prime;][et_pb_column type=\u00a0\u00bb4_4&Prime; _builder_version=\u00a0\u00bb3.24&Prime;][et_pb_text _builder_version=\u00a0\u00bb3.24&Prime; header_font=\u00a0\u00bb||||||||\u00a0\u00bb header_2_font=\u00a0\u00bbAdamina|||on|||||\u00a0\u00bb header_2_text_align=\u00a0\u00bbcenter\u00a0\u00bb header_2_text_color=\u00a0\u00bb#a04614&Prime; header_3_font=\u00a0\u00bbJosefin Sans|||on|||||\u00a0\u00bb header_3_text_align=\u00a0\u00bbcenter\u00a0\u00bb header_3_text_color=\u00a0\u00bb#a04614&Prime; border_width_bottom=\u00a0\u00bb1px\u00a0\u00bb border_color_bottom=\u00a0\u00bb#a04614&Prime;]<\/p>\n<h2>Prestations<\/h2>\n<h3>de qualit\u00e9s<\/h3>\n<p>[\/et_pb_text][\/et_pb_column][\/et_pb_row][et_pb_row _builder_version=\u00a0\u00bb3.24&Prime;][et_pb_column type=\u00a0\u00bb1_4&Prime; _builder_version=\u00a0\u00bb3.24&Prime;][et_pb_text _builder_version=\u00a0\u00bb3.24&Prime;]<\/p>\n<p style=\"text-align: center;\">Jardin arbor\u00e9<\/p>\n<p>[\/et_pb_text][et_pb_image src=\u00a0\u00bbhttps:\/\/location-chambre-vaucluse.fr\/wp-content\/uploads\/2022\/07\/noun-leaf-4983710.png\u00a0\u00bb align=\u00a0\u00bbcenter\u00a0\u00bb _builder_version=\u00a0\u00bb3.24&Prime; width=\u00a0\u00bb30%\u00a0\u00bb width_phone=\u00a0\u00bb10%\u00a0\u00bb width_last_edited=\u00a0\u00bbon|desktop\u00a0\u00bb transform_styles__hover_enabled=\u00a0\u00bbon\u00a0\u00bb transform_scale__hover_enabled=\u00a0\u00bbon\u00a0\u00bb transform_translate__hover_enabled=\u00a0\u00bbon\u00a0\u00bb transform_rotate__hover_enabled=\u00a0\u00bbon\u00a0\u00bb transform_skew__hover_enabled=\u00a0\u00bbon\u00a0\u00bb transform_origin__hover_enabled=\u00a0\u00bbon\u00a0\u00bb transform_scale__hover=\u00a0\u00bb105%|105%\u00a0\u00bb][\/et_pb_image][\/et_pb_column][et_pb_column type=\u00a0\u00bb1_4&Prime; _builder_version=\u00a0\u00bb3.24&Prime;][et_pb_text _builder_version=\u00a0\u00bb3.24&Prime;]<\/p>\n<p style=\"text-align: center;\">Terrasse ombrag\u00e9e<\/p>\n<p>[\/et_pb_text][et_pb_image src=\u00a0\u00bbhttps:\/\/location-chambre-vaucluse.fr\/wp-content\/uploads\/2022\/07\/noun-terrace-1898800.png\u00a0\u00bb align=\u00a0\u00bbcenter\u00a0\u00bb _builder_version=\u00a0\u00bb3.24&Prime; width=\u00a0\u00bb30%\u00a0\u00bb width_phone=\u00a0\u00bb10%\u00a0\u00bb width_last_edited=\u00a0\u00bbon|desktop\u00a0\u00bb transform_styles__hover_enabled=\u00a0\u00bbon\u00a0\u00bb transform_scale__hover_enabled=\u00a0\u00bbon\u00a0\u00bb transform_translate__hover_enabled=\u00a0\u00bbon\u00a0\u00bb transform_rotate__hover_enabled=\u00a0\u00bbon\u00a0\u00bb transform_skew__hover_enabled=\u00a0\u00bbon\u00a0\u00bb transform_origin__hover_enabled=\u00a0\u00bbon\u00a0\u00bb transform_scale__hover=\u00a0\u00bb105%|105%\u00a0\u00bb][\/et_pb_image][\/et_pb_column][et_pb_column type=\u00a0\u00bb1_4&Prime; _builder_version=\u00a0\u00bb3.24&Prime;][et_pb_text _builder_version=\u00a0\u00bb3.24&Prime;]<\/p>\n<p style=\"text-align: center;\">Piscine chauff\u00e9e de 6m x 3m<\/p>\n<p>[\/et_pb_text][et_pb_image src=\u00a0\u00bbhttps:\/\/location-chambre-vaucluse.fr\/wp-content\/uploads\/2022\/07\/frerf.png\u00a0\u00bb align=\u00a0\u00bbcenter\u00a0\u00bb _builder_version=\u00a0\u00bb3.24&Prime; width=\u00a0\u00bb30%\u00a0\u00bb width_phone=\u00a0\u00bb10%\u00a0\u00bb width_last_edited=\u00a0\u00bbon|desktop\u00a0\u00bb transform_styles__hover_enabled=\u00a0\u00bbon\u00a0\u00bb transform_scale__hover_enabled=\u00a0\u00bbon\u00a0\u00bb transform_translate__hover_enabled=\u00a0\u00bbon\u00a0\u00bb transform_rotate__hover_enabled=\u00a0\u00bbon\u00a0\u00bb transform_skew__hover_enabled=\u00a0\u00bbon\u00a0\u00bb transform_origin__hover_enabled=\u00a0\u00bbon\u00a0\u00bb transform_scale__hover=\u00a0\u00bb105%|105%\u00a0\u00bb][\/et_pb_image][\/et_pb_column][et_pb_column type=\u00a0\u00bb1_4&Prime; _builder_version=\u00a0\u00bb3.24&Prime;][et_pb_text _builder_version=\u00a0\u00bb3.24&Prime;]<\/p>\n<p style=\"text-align: center;\">Chaises longues<\/p>\n<p>[\/et_pb_text][et_pb_image src=\u00a0\u00bbhttps:\/\/location-chambre-vaucluse.fr\/wp-content\/uploads\/2022\/07\/noun-deck-chair-1820490.png\u00a0\u00bb align=\u00a0\u00bbcenter\u00a0\u00bb _builder_version=\u00a0\u00bb3.24&Prime; width=\u00a0\u00bb30%\u00a0\u00bb width_phone=\u00a0\u00bb10%\u00a0\u00bb width_last_edited=\u00a0\u00bbon|desktop\u00a0\u00bb transform_styles__hover_enabled=\u00a0\u00bbon\u00a0\u00bb transform_scale__hover_enabled=\u00a0\u00bbon\u00a0\u00bb transform_translate__hover_enabled=\u00a0\u00bbon\u00a0\u00bb transform_rotate__hover_enabled=\u00a0\u00bbon\u00a0\u00bb transform_skew__hover_enabled=\u00a0\u00bbon\u00a0\u00bb transform_origin__hover_enabled=\u00a0\u00bbon\u00a0\u00bb transform_scale__hover=\u00a0\u00bb105%|105%\u00a0\u00bb][\/et_pb_image][\/et_pb_column][\/et_pb_row][\/et_pb_section]<\/p>\n","protected":false},"excerpt":{"rendered":"<p>[et_pb_section fb_built=\u00a0\u00bb1&Prime; fullwidth=\u00a0\u00bbon\u00a0\u00bb _builder_version=\u00a0\u00bb3.24&Prime; locked=\u00a0\u00bboff\u00a0\u00bb][et_pb_fullwidth_slider use_bg_overlay=\u00a0\u00bboff\u00a0\u00bb use_text_overlay=\u00a0\u00bboff\u00a0\u00bb _builder_version=\u00a0\u00bb3.24&Prime; custom_margin=\u00a0\u00bb||||false\u00a0\u00bb custom_padding=\u00a0\u00bb32%||32%||false|\u00a0\u00bb][et_pb_slide _builder_version=\u00a0\u00bb3.24&Prime; background_image=\u00a0\u00bbhttps:\/\/location-chambre-vaucluse.fr\/wp-content\/uploads\/2023\/05\/jardin.jpg\u00a0\u00bb][\/et_pb_slide][et_pb_slide _builder_version=\u00a0\u00bb3.24&Prime; background_image=\u00a0\u00bbhttps:\/\/location-chambre-vaucluse.fr\/wp-content\/uploads\/2022\/07\/piscine-3.jpg\u00a0\u00bb background_position=\u00a0\u00bbcenter_left\u00a0\u00bb][\/et_pb_slide][\/et_pb_fullwidth_slider][\/et_pb_section][et_pb_section fb_built=\u00a0\u00bb1&Prime; _builder_version=\u00a0\u00bb3.24&Prime; background_color=\u00a0\u00bbrgba(0,0,0,0.05)\u00a0\u00bb][et_pb_row custom_padding=\u00a0\u00bb||0px|||\u00a0\u00bb _builder_version=\u00a0\u00bb3.24&Prime; background_color=\u00a0\u00bbrgba(255,255,255,0.65)\u00a0\u00bb border_radii=\u00a0\u00bbon|10px|10px|10px|10px\u00a0\u00bb min_height=\u00a0\u00bb489px\u00a0\u00bb locked=\u00a0\u00bboff\u00a0\u00bb][et_pb_column type=\u00a0\u00bb4_4&Prime; _builder_version=\u00a0\u00bb3.24&Prime;][et_pb_text _builder_version=\u00a0\u00bb3.24&Prime; header_font=\u00a0\u00bb||||||||\u00a0\u00bb header_2_font=\u00a0\u00bbAdamina|||on|||||\u00a0\u00bb header_2_text_color=\u00a0\u00bb#a04614&Prime; border_radii=\u00a0\u00bbon|10px|10px|10px|10px\u00a0\u00bb width=\u00a0\u00bb75%\u00a0\u00bb module_alignment=\u00a0\u00bbcenter\u00a0\u00bb custom_margin=\u00a0\u00bb||96px|||\u00a0\u00bb custom_padding=\u00a0\u00bb0px|76px|0px|76px|true|true\u00a0\u00bb custom_padding_phone=\u00a0\u00bb|0px||0px\u00a0\u00bb custom_padding_last_edited=\u00a0\u00bbon|desktop\u00a0\u00bb] LE Jardin\u00a0 Venez vous d\u00e9tendre dans notre jardin, arbor\u00e9 et fleuri. Des roses, des impatiences, des lauriers, des [&hellip;]<\/p>\n","protected":false},"author":1,"featured_media":0,"parent":0,"menu_order":0,"comment_status":"closed","ping_status":"closed","template":"","meta":{"_et_pb_use_builder":"on","_et_pb_old_content":"","footnotes":""},"class_list":["post-220","page","type-page","status-publish","hentry"],"_links":{"self":[{"href":"https:\/\/location-chambre-vaucluse.fr\/index.php?rest_route=\/wp\/v2\/pages\/220","targetHints":{"allow":["GET"]}}],"collection":[{"href":"https:\/\/location-chambre-vaucluse.fr\/index.php?rest_route=\/wp\/v2\/pages"}],"about":[{"href":"https:\/\/location-chambre-vaucluse.fr\/index.php?rest_route=\/wp\/v2\/types\/page"}],"author":[{"embeddable":true,"href":"https:\/\/location-chambre-vaucluse.fr\/index.php?rest_route=\/wp\/v2\/users\/1"}],"replies":[{"embeddable":true,"href":"https:\/\/location-chambre-vaucluse.fr\/index.php?rest_route=%2Fwp%2Fv2%2Fcomments&post=220"}],"version-history":[{"count":29,"href":"https:\/\/location-chambre-vaucluse.fr\/index.php?rest_route=\/wp\/v2\/pages\/220\/revisions"}],"predecessor-version":[{"id":706,"href":"https:\/\/location-chambre-vaucluse.fr\/index.php?rest_route=\/wp\/v2\/pages\/220\/revisions\/706"}],"wp:attachment":[{"href":"https:\/\/location-chambre-vaucluse.fr\/index.php?rest_route=%2Fwp%2Fv2%2Fmedia&parent=220"}],"curies":[{"name":"wp","href":"https:\/\/api.w.org\/{rel}","templated":true}]}}