{"id":453,"date":"2022-07-16T16:50:35","date_gmt":"2022-07-16T14:50:35","guid":{"rendered":"https:\/\/location-chambre-vaucluse.fr\/?page_id=453"},"modified":"2023-01-16T11:16:10","modified_gmt":"2023-01-16T10:16:10","slug":"contact","status":"publish","type":"page","link":"https:\/\/location-chambre-vaucluse.fr\/?page_id=453","title":{"rendered":"Contact"},"content":{"rendered":"<p>[et_pb_section fb_built=\u00a0\u00bb1&Prime; _builder_version=\u00a0\u00bb3.24&Prime; background_color=\u00a0\u00bbrgba(0,0,0,0.05)\u00a0\u00bb background_image=\u00a0\u00bbhttps:\/\/location-chambre-vaucluse.fr\/wp-content\/uploads\/2022\/07\/Picto-5-2.png\u00a0\u00bb parallax=\u00a0\u00bbon\u00a0\u00bb][et_pb_row custom_padding=\u00a0\u00bb||0px|||\u00a0\u00bb _builder_version=\u00a0\u00bb3.24&Prime; background_color=\u00a0\u00bb#ffffff\u00a0\u00bb border_radii=\u00a0\u00bb|10px|10px||\u00a0\u00bb][et_pb_column type=\u00a0\u00bb4_4&Prime; _builder_version=\u00a0\u00bb3.24&Prime;][et_pb_text _builder_version=\u00a0\u00bb3.24&Prime; text_font=\u00a0\u00bbAdamina|||on|||||\u00a0\u00bb text_text_color=\u00a0\u00bb#a04614&Prime; text_font_size=\u00a0\u00bb26px\u00a0\u00bb header_font=\u00a0\u00bb||||||||\u00a0\u00bb border_color_all=\u00a0\u00bbrgba(0,0,0,0)\u00a0\u00bb border_width_bottom=\u00a0\u00bb1px\u00a0\u00bb custom_padding=\u00a0\u00bb|20px||110px\u00a0\u00bb]<\/p>\n<p>R\u00e9servation<\/p>\n<p>[\/et_pb_text][et_pb_code _builder_version=\u00a0\u00bb3.24&Prime; custom_padding=\u00a0\u00bb10px|20px|10px|110px|true|false\u00a0\u00bb filter_hue_rotate=\u00a0\u00bb176deg\u00a0\u00bb filter_saturate=\u00a0\u00bb117%\u00a0\u00bb]<div class=\"frm_forms  with_frm_style frm_style_style-formidable\" id=\"frm_form_2_container\" data-token=\"eff4c38e1fd1dfd1ee2d10361cad1d72\">\n<form enctype=\"multipart\/form-data\" method=\"post\" class=\"frm-show-form \" id=\"form_formulaire\"  data-token=\"eff4c38e1fd1dfd1ee2d10361cad1d72\">\n<div class=\"frm_form_fields \">\n<fieldset>\n<legend class=\"frm_screen_reader\"><\/legend>\r\n\r\n<div class=\"frm_fields_container\">\n<input type=\"hidden\" name=\"frm_action\" value=\"create\" \/>\n<input type=\"hidden\" name=\"form_id\" value=\"2\" \/>\n<input type=\"hidden\" name=\"frm_hide_fields_2\" id=\"frm_hide_fields_2\" value=\"\" \/>\n<input type=\"hidden\" name=\"form_key\" value=\"formulaire\" \/>\n<input type=\"hidden\" name=\"item_meta[0]\" value=\"\" \/>\n<input type=\"hidden\" id=\"frm_submit_entry_2\" name=\"frm_submit_entry_2\" value=\"ac225ae07c\" \/><input type=\"hidden\" name=\"_wp_http_referer\" value=\"\/index.php?rest_route=%2Fwp%2Fv2%2Fpages%2F453\" \/><div id=\"frm_field_6_container\" class=\"frm_form_field form-field  frm_required_field frm_top_container frm4 frm_first\">\r\n    <label for=\"field_rdk0u\" id=\"field_rdk0u_label\" class=\"frm_primary_label\">Nom, Pr\u00e9nom\r\n        <span class=\"frm_required\" aria-hidden=\"true\">*<\/span>\r\n    <\/label>\r\n    <input type=\"text\" id=\"field_rdk0u\" name=\"item_meta[6]\" value=\"\"  data-reqmsg=\"Ce champ ne peut pas \u00eatre vide\" aria-required=\"true\" data-invmsg=\"texte est non valide\" aria-invalid=\"false\"  \/>\r\n    \r\n    \r\n<\/div>\n<div id=\"frm_field_13_container\" class=\"frm_form_field form-field  frm_required_field frm_top_container frm4\">\r\n    <label for=\"field_lem8q\" id=\"field_lem8q_label\" class=\"frm_primary_label\">Email\r\n        <span class=\"frm_required\" aria-hidden=\"true\">*<\/span>\r\n    <\/label>\r\n    <input type=\"email\" id=\"field_lem8q\" name=\"item_meta[13]\" value=\"\"  data-reqmsg=\"Ce champ ne peut pas \u00eatre vide\" aria-required=\"true\" data-invmsg=\"Email est non valide\" aria-invalid=\"false\"  \/>\r\n    \r\n    \r\n<\/div>\n<div id=\"frm_field_15_container\" class=\"frm_form_field form-field  frm_required_field frm_top_container frm4\">\r\n    <label for=\"field_c60mf\" id=\"field_c60mf_label\" class=\"frm_primary_label\">Adresse Postale\r\n        <span class=\"frm_required\" aria-hidden=\"true\">*<\/span>\r\n    <\/label>\r\n    <input type=\"text\" id=\"field_c60mf\" name=\"item_meta[15]\" value=\"\"  data-reqmsg=\"Ce champ ne peut pas \u00eatre vide\" aria-required=\"true\" data-invmsg=\"texte est non valide\" aria-invalid=\"false\"  \/>\r\n    \r\n    \r\n<\/div>\n<div id=\"frm_field_8_container\" class=\"frm_form_field form-field  frm_required_field frm_top_container frm4 frm_first\">\r\n    <label for=\"field_pupj6\" id=\"field_pupj6_label\" class=\"frm_primary_label\">Date d'entr\u00e9e\r\n        <span class=\"frm_required\" aria-hidden=\"true\">*<\/span>\r\n    <\/label>\r\n    <input type=\"text\" id=\"field_pupj6\" name=\"item_meta[8]\" value=\"\"  data-reqmsg=\"Ce champ ne peut pas \u00eatre vide\" aria-required=\"true\" data-invmsg=\"texte est non valide\" aria-invalid=\"false\"  \/>\r\n    \r\n    \r\n<\/div>\n<div id=\"frm_field_9_container\" class=\"frm_form_field form-field  frm_required_field frm_top_container frm4\">\r\n    <label for=\"field_zwyk1\" id=\"field_zwyk1_label\" class=\"frm_primary_label\">Date de sortie\r\n        <span class=\"frm_required\" aria-hidden=\"true\">*<\/span>\r\n    <\/label>\r\n    <input type=\"text\" id=\"field_zwyk1\" name=\"item_meta[9]\" value=\"\"  data-reqmsg=\"Ce champ ne peut pas \u00eatre vide\" aria-required=\"true\" data-invmsg=\"texte est non valide\" aria-invalid=\"false\"  \/>\r\n    \r\n    \r\n<\/div>\n<div id=\"frm_field_10_container\" class=\"frm_form_field form-field  frm_required_field frm_top_container frm4 vertical_radio\">\r\n    <div  id=\"field_w7279_label\" class=\"frm_primary_label\">Nombre d'adultes\r\n        <span class=\"frm_required\" aria-hidden=\"true\">*<\/span>\r\n    <\/div>\r\n    <div class=\"frm_opt_container\" aria-labelledby=\"field_w7279_label\" role=\"group\">\t\t<div class=\"frm_radio\" id=\"frm_radio_10-0\"><label for=\"field_w7279-0\">\t\t<input type=\"radio\" name=\"item_meta[10]\" id=\"field_w7279-0\" value=\"1 Adulte\"\n\t\t   data-reqmsg=\"Ce champ ne peut pas \u00eatre vide\" aria-required=\"true\" data-invmsg=\"Nombre d&#039;adultes est non valide\" aria-invalid=\"false\"  \/> 1 Adulte<\/label><\/div>\n\t\t<div class=\"frm_radio\" id=\"frm_radio_10-1\"><label for=\"field_w7279-1\">\t\t<input type=\"radio\" name=\"item_meta[10]\" id=\"field_w7279-1\" value=\"2 Adultes\"\n\t\t   data-reqmsg=\"Ce champ ne peut pas \u00eatre vide\" aria-required=\"true\" data-invmsg=\"Nombre d&#039;adultes est non valide\" aria-invalid=\"false\"  \/> 2 Adultes<\/label><\/div>\n<\/div>\r\n    \r\n    \r\n<\/div>\n<div id=\"frm_field_11_container\" class=\"frm_form_field form-field  frm_none_container frm12 frm_first\">\r\n    <label for=\"g-recaptcha-response\" id=\"field_insw3_label\" class=\"frm_primary_label\">reCAPTCHA\r\n        <span class=\"frm_required\" aria-hidden=\"true\"><\/span>\r\n    <\/label>\r\n    <div id=\"field_insw3\" class=\"frm-g-recaptcha\" data-sitekey=\"6LcR3twgAAAAAIRIZOQNEWHS3PkvS9iOUTIvgQDq\" data-size=\"invisible\" data-theme=\"light\"><\/div>\r\n    \r\n    \r\n<\/div>\n\t<input type=\"hidden\" name=\"item_key\" value=\"\" \/>\n\t\t\t\t<div class=\"frm_verify\" aria-hidden=\"true\">\n\t\t\t\t<label for=\"frm_email_2\">\n\t\t\t\t\tSi vous \u00eates un humain, ne remplissez pas ce champ.\t\t\t\t<\/label>\n\t\t\t\t<input type=\"text\" class=\"frm_verify\" id=\"frm_email_2\" name=\"frm_verify\" value=\"\"  \/>\n\t\t\t<\/div>\n\t\t<div class=\"frm_submit\">\r\n\r\n<button class=\"frm_button_submit\" type=\"submit\"  >Envoyer<\/button>\r\n\r\n\r\n<\/div><\/div>\n<\/fieldset>\n<\/div>\n<\/form>\n<\/div>\n[\/et_pb_code][\/et_pb_column][\/et_pb_row][et_pb_row custom_padding=\u00a0\u00bb30px|20px|30px|20px|true|true\u00a0\u00bb _builder_version=\u00a0\u00bb3.24&Prime; background_color=\u00a0\u00bb#ffffff\u00a0\u00bb border_radii=\u00a0\u00bb|||10px|10px\u00a0\u00bb][et_pb_column type=\u00a0\u00bb1_4&Prime; _builder_version=\u00a0\u00bb3.24&Prime;][et_pb_text _builder_version=\u00a0\u00bb3.24&Prime; text_font=\u00a0\u00bb||||||||\u00a0\u00bb header_font=\u00a0\u00bb||||||||\u00a0\u00bb header_3_font=\u00a0\u00bbAdamina|||on|||||\u00a0\u00bb header_3_text_color=\u00a0\u00bb#a04614&Prime; header_3_font_size=\u00a0\u00bb20px\u00a0\u00bb]<\/p>\n<h3 style=\"text-align: right;\">ADRESSE :<\/h3>\n<p style=\"text-align: right;\">305 Rue du Terrier<br \/> 84100 &#8211; Orange<\/p>\n<h3 style=\"text-align: right;\">T\u00e9l\u00e9phone :<\/h3>\n<p style=\"text-align: right;\">06 15 91 94 47<\/p>\n<h3 style=\"text-align: right;\">Coordonn\u00e9es GPS :<\/h3>\n<p style=\"text-align: right;\">Latitude : 44,139332<br \/> Longitude :\u00a04,814267<\/p>\n<p>[\/et_pb_text][et_pb_social_media_follow _builder_version=\u00a0\u00bb3.24&Prime; text_orientation=\u00a0\u00bbright\u00a0\u00bb][et_pb_social_media_follow_network social_network=\u00a0\u00bbfacebook\u00a0\u00bb url=\u00a0\u00bbhttps:\/\/www.facebook.com\/Lannexe-Location-saisonni%C3%A8re-Provence-103650232405567&Prime; _builder_version=\u00a0\u00bb3.24&Prime; background_color=\u00a0\u00bb#6a6a6a\u00a0\u00bb follow_button=\u00a0\u00bboff\u00a0\u00bb url_new_window=\u00a0\u00bbon\u00a0\u00bb]facebook[\/et_pb_social_media_follow_network][et_pb_social_media_follow_network social_network=\u00a0\u00bbinstagram\u00a0\u00bb url=\u00a0\u00bbhttps:\/\/www.instagram.com\/lannexe_orange\/?hl=fr\u00a0\u00bb _builder_version=\u00a0\u00bb3.24&Prime; background_color=\u00a0\u00bb#6a6a6a\u00a0\u00bb follow_button=\u00a0\u00bboff\u00a0\u00bb url_new_window=\u00a0\u00bbon\u00a0\u00bb]instagram[\/et_pb_social_media_follow_network][\/et_pb_social_media_follow][\/et_pb_column][et_pb_column type=\u00a0\u00bb3_4&Prime; _builder_version=\u00a0\u00bb3.24&Prime;][et_pb_image src=\u00a0\u00bbhttps:\/\/location-chambre-vaucluse.fr\/wp-content\/uploads\/2022\/07\/map.jpg\u00a0\u00bb url=\u00a0\u00bbhttps:\/\/www.google.com\/maps\/place\/305+Rue+du+Terrier,+84100+Orange\/data=!4m2!3m1!1s0x12b590adb5f1323b:0x815d643079ab160e?sa=X&#038;ved=2ahUKEwjJ97vf8u74AhUG2BoKHR2-ATMQ8gF6BAgIEAE\u00a0\u00bb align=\u00a0\u00bbcenter\u00a0\u00bb _builder_version=\u00a0\u00bb3.24&Prime; width__hover_enabled=\u00a0\u00bbon\u00a0\u00bb width__hover=\u00a0\u00bb98%\u00a0\u00bb filter_brightness__hover_enabled=\u00a0\u00bbon\u00a0\u00bb filter_brightness__hover=\u00a0\u00bb75%\u00a0\u00bb][\/et_pb_image][\/et_pb_column][\/et_pb_row][\/et_pb_section]<\/p>\n","protected":false},"excerpt":{"rendered":"<p>[et_pb_section fb_built=\u00a0\u00bb1&Prime; _builder_version=\u00a0\u00bb3.24&Prime; background_color=\u00a0\u00bbrgba(0,0,0,0.05)\u00a0\u00bb background_image=\u00a0\u00bbhttps:\/\/location-chambre-vaucluse.fr\/wp-content\/uploads\/2022\/07\/Picto-5-2.png\u00a0\u00bb parallax=\u00a0\u00bbon\u00a0\u00bb][et_pb_row custom_padding=\u00a0\u00bb||0px|||\u00a0\u00bb _builder_version=\u00a0\u00bb3.24&Prime; background_color=\u00a0\u00bb#ffffff\u00a0\u00bb border_radii=\u00a0\u00bb|10px|10px||\u00a0\u00bb][et_pb_column type=\u00a0\u00bb4_4&Prime; _builder_version=\u00a0\u00bb3.24&Prime;][et_pb_text _builder_version=\u00a0\u00bb3.24&Prime; text_font=\u00a0\u00bbAdamina|||on|||||\u00a0\u00bb text_text_color=\u00a0\u00bb#a04614&Prime; text_font_size=\u00a0\u00bb26px\u00a0\u00bb header_font=\u00a0\u00bb||||||||\u00a0\u00bb border_color_all=\u00a0\u00bbrgba(0,0,0,0)\u00a0\u00bb border_width_bottom=\u00a0\u00bb1px\u00a0\u00bb custom_padding=\u00a0\u00bb|20px||110px\u00a0\u00bb] R\u00e9servation [\/et_pb_text][et_pb_code _builder_version=\u00a0\u00bb3.24&Prime; custom_padding=\u00a0\u00bb10px|20px|10px|110px|true|false\u00a0\u00bb filter_hue_rotate=\u00a0\u00bb176deg\u00a0\u00bb filter_saturate=\u00a0\u00bb117%\u00a0\u00bb][\/et_pb_code][\/et_pb_column][\/et_pb_row][et_pb_row custom_padding=\u00a0\u00bb30px|20px|30px|20px|true|true\u00a0\u00bb _builder_version=\u00a0\u00bb3.24&Prime; background_color=\u00a0\u00bb#ffffff\u00a0\u00bb border_radii=\u00a0\u00bb|||10px|10px\u00a0\u00bb][et_pb_column type=\u00a0\u00bb1_4&Prime; _builder_version=\u00a0\u00bb3.24&Prime;][et_pb_text _builder_version=\u00a0\u00bb3.24&Prime; text_font=\u00a0\u00bb||||||||\u00a0\u00bb header_font=\u00a0\u00bb||||||||\u00a0\u00bb header_3_font=\u00a0\u00bbAdamina|||on|||||\u00a0\u00bb header_3_text_color=\u00a0\u00bb#a04614&Prime; header_3_font_size=\u00a0\u00bb20px\u00a0\u00bb] ADRESSE : 305 Rue du Terrier 84100 &#8211; Orange T\u00e9l\u00e9phone : 06 15 91 94 47 Coordonn\u00e9es [&hellip;]<\/p>\n","protected":false},"author":1,"featured_media":0,"parent":0,"menu_order":0,"comment_status":"closed","ping_status":"closed","template":"","meta":{"_et_pb_use_builder":"on","_et_pb_old_content":"","footnotes":""},"class_list":["post-453","page","type-page","status-publish","hentry"],"_links":{"self":[{"href":"https:\/\/location-chambre-vaucluse.fr\/index.php?rest_route=\/wp\/v2\/pages\/453","targetHints":{"allow":["GET"]}}],"collection":[{"href":"https:\/\/location-chambre-vaucluse.fr\/index.php?rest_route=\/wp\/v2\/pages"}],"about":[{"href":"https:\/\/location-chambre-vaucluse.fr\/index.php?rest_route=\/wp\/v2\/types\/page"}],"author":[{"embeddable":true,"href":"https:\/\/location-chambre-vaucluse.fr\/index.php?rest_route=\/wp\/v2\/users\/1"}],"replies":[{"embeddable":true,"href":"https:\/\/location-chambre-vaucluse.fr\/index.php?rest_route=%2Fwp%2Fv2%2Fcomments&post=453"}],"version-history":[{"count":6,"href":"https:\/\/location-chambre-vaucluse.fr\/index.php?rest_route=\/wp\/v2\/pages\/453\/revisions"}],"predecessor-version":[{"id":673,"href":"https:\/\/location-chambre-vaucluse.fr\/index.php?rest_route=\/wp\/v2\/pages\/453\/revisions\/673"}],"wp:attachment":[{"href":"https:\/\/location-chambre-vaucluse.fr\/index.php?rest_route=%2Fwp%2Fv2%2Fmedia&parent=453"}],"curies":[{"name":"wp","href":"https:\/\/api.w.org\/{rel}","templated":true}]}}